{"id":822,"date":"2013-10-23T11:45:30","date_gmt":"2013-10-23T09:45:30","guid":{"rendered":"http:\/\/www.erlebnishof-offenstall.at\/?page_id=822"},"modified":"2021-03-11T18:28:05","modified_gmt":"2021-03-11T16:28:05","slug":"zucht-und-wurfe","status":"publish","type":"page","link":"http:\/\/www.erlebnishof-offenstall.at\/?page_id=822","title":{"rendered":"Zucht und W\u00fcrfe"},"content":{"rendered":"\n\t\t<style type=\"text\/css\">\n\t\t\t#gallery-1 {\n\t\t\t\tmargin: auto;\n\t\t\t}\n\t\t\t#gallery-1 .gallery-item {\n\t\t\t\tfloat: left;\n\t\t\t\tmargin-top: 10px;\n\t\t\t\ttext-align: center;\n\t\t\t\twidth: 25%;\n\t\t\t}\n\t\t\t#gallery-1 img {\n\t\t\t\tborder: 2px solid #cfcfcf;\n\t\t\t}\n\t\t\t#gallery-1 .gallery-caption {\n\t\t\t\tmargin-left: 0;\n\t\t\t}\n\t\t\t\/* see gallery_shortcode() in wp-includes\/media.php *\/\n\t\t<\/style>\n\t\t<div id='gallery-1' class='gallery galleryid-822 gallery-columns-4 gallery-size-thumbnail'><dl class='gallery-item'>\n\t\t\t<dt class='gallery-icon landscape'>\n\t\t\t\t<a href='http:\/\/www.erlebnishof-offenstall.at\/?attachment_id=824#main'><img width=\"150\" height=\"150\" src=\"http:\/\/www.erlebnishof-offenstall.at\/wp-content\/uploads\/\u00f6kvlogo-150x150.png\" class=\"attachment-thumbnail size-thumbnail\" alt=\"\" loading=\"lazy\" \/><\/a>\n\t\t\t<\/dt><\/dl><dl class='gallery-item'>\n\t\t\t<dt class='gallery-icon portrait'>\n\t\t\t\t<a href='http:\/\/www.erlebnishof-offenstall.at\/?attachment_id=823#main'><img width=\"140\" height=\"144\" src=\"http:\/\/www.erlebnishof-offenstall.at\/wp-content\/uploads\/frm_left_top.jpg\" class=\"attachment-thumbnail size-thumbnail\" alt=\"\" loading=\"lazy\" \/><\/a>\n\t\t\t<\/dt><\/dl><dl class='gallery-item'>\n\t\t\t<dt class='gallery-icon landscape'>\n\t\t\t\t<a href='http:\/\/www.erlebnishof-offenstall.at\/?attachment_id=843#main'><img width=\"112\" height=\"51\" src=\"http:\/\/www.erlebnishof-offenstall.at\/wp-content\/uploads\/logo.jpg\" class=\"attachment-thumbnail size-thumbnail\" alt=\"\" loading=\"lazy\" \/><\/a>\n\t\t\t<\/dt><\/dl><dl class='gallery-item'>\n\t\t\t<dt class='gallery-icon landscape'>\n\t\t\t\t<a href='http:\/\/www.erlebnishof-offenstall.at\/?attachment_id=844#main'><img width=\"150\" height=\"136\" src=\"http:\/\/www.erlebnishof-offenstall.at\/wp-content\/uploads\/logo-150x136.png\" class=\"attachment-thumbnail size-thumbnail\" alt=\"\" loading=\"lazy\" \/><\/a>\n\t\t\t<\/dt><\/dl><br style=\"clear: both\" \/>\n\t\t<\/div>\n\n<h1 style=\"text-align: center;\">&#8222;Australian Shepherd Zucht vom Offenstall Simmering&#8220;<\/h1>\n<p>Seit 2013\u00a0 haben wir das Zuchtg\u00fctesiegel vom \u00d6KV verliehen bekommen.<br \/>\nDie Zuchtst\u00e4tte wird j\u00e4hrlich nachgepr\u00fcft ob auch alle Anforderungen eingehalten werden.<\/p>\n<p><a href=\"http:\/\/www.erlebnishof-offenstall.at\/wp-content\/uploads\/Zuchtguetesiegel2013.pdf\">Zuchtguetesiegel2013<\/a><\/p>\n<p>Wir sind auch beim ASA Australian Shepherd of Austria Verein Mitglied. Dieser Verein schreibt strengere Zuchtbestimmungen vor als der \u00d6KV, was nat\u00fcrlich den Tieren und deren Gesundheit zugute kommt. Alle unsere Zuchthunde haben auch das ASA G\u00fctesiegel.<\/p>\n<p>Die Anforderungen zum Nachlesen: <a href=\"http:\/\/www.australianshepherds.at\/zuchtricht_d.asp\">http:\/\/www.australianshepherds.at\/zuchtricht_d.asp<\/a><\/p>\n<p>Die Welpen werden auch immer mit FCI\/\u00d6KV Papieren abgegeben.<\/p>\n<p>Unsere Zuchthunde haben auch noch zus\u00e4tzliche Untersuchungen die von beiden Vereinen nicht vorgeschrieben sind.<\/p>\n<ul>\n<li>Ellbogendisplasie ED<\/li>\n<li>Osteochondrose, Schulter, OD<\/li>\n<li>Patellaluxation, Knie<\/li>\n<\/ul>\n<p>Vom ASA\u00a0sind neuerlich auch\u00a0folgende genetische Untersuchung vorgeschrieben:<\/p>\n<ul>\n<li>MDR1 Gendefekt<\/li>\n<li>HC Katarakt, HSF4<\/li>\n<\/ul>\n<p>und vom \u00d6KV diese:<\/p>\n<ul>\n<li>CEA, Colly Eye Anomaly<\/li>\n<li>prcd-PRA<\/li>\n<\/ul>\n<p>Unsere Hunde leben bei uns am Hof im Rudel und Familienverband. Sie sind das ganze Jahr \u00fcber Drau\u00dfen.<br \/>\nDie Welpen werden von klein an auch im Rudel sozialisiert und habituiert. Sie lernen von den Alth\u00fcndinnen die wichtigsten Dinge f\u00fcr ihr weiteres Hundeleben. Auch die Gew\u00f6hnung und der vertr\u00e4gliche Umgang mit andere Tier (Katzen, Pferde, Kaninchen, Schildkr\u00f6ten etc.) wird ganz automatisch erlernt.<br \/>\nDadurch das bei uns am Hof immer etwas los ist, sind die Welpen auch sehr viele verschiedene Menschen, ob Gro\u00df oder Klein, alt oder jung, es spielt \u00fcberhaupt keine Rolle, gewohnt.<\/p>\n<p>Ich bin auch sehr bem\u00fcht den neuen Welpenbesitzern mit Rat und Tat zur Seite zu stehen, solle es Probleme in welcher Art auch immer geben. Mir liegt auch das Wohl der Hunde sehr am Herzen. Es gibt auch immer wieder einmal Welpentreffen, nat\u00fcrlich freue ich mich auch so \u00fcber Fotos und Besuche etc. Auch im Facebook sind viele Offenstall Hunde vertreten.<\/p>\n<p>Bei\u00a0uns d\u00fcrfen die Welpen fr\u00fchestens mit 9 Wochen ausziehen.<\/p>\n<p>Sie sind dann:<\/p>\n<ul>\n<li>mehrmals Tier\u00e4rztlich untersucht<\/li>\n<li>mehrmals entwurmt<\/li>\n<li>8 Fach Grundimpfung \/EU Impfpass<\/li>\n<li>Gechipt<\/li>\n<li>Augenuntersucht<\/li>\n<li>genetischer Abstammungsnachweis (Mutter\/Vater)<\/li>\n<\/ul>\n<p>bekommen sie mit:<\/p>\n<ul>\n<li>ausf\u00fchrliche Welpen Mappe<\/li>\n<li>Welpen Startpaket<\/li>\n<\/ul>\n\n\t\t<style type=\"text\/css\">\n\t\t\t#gallery-2 {\n\t\t\t\tmargin: auto;\n\t\t\t}\n\t\t\t#gallery-2 .gallery-item {\n\t\t\t\tfloat: left;\n\t\t\t\tmargin-top: 10px;\n\t\t\t\ttext-align: center;\n\t\t\t\twidth: 25%;\n\t\t\t}\n\t\t\t#gallery-2 img {\n\t\t\t\tborder: 2px solid #cfcfcf;\n\t\t\t}\n\t\t\t#gallery-2 .gallery-caption {\n\t\t\t\tmargin-left: 0;\n\t\t\t}\n\t\t\t\/* see gallery_shortcode() in wp-includes\/media.php *\/\n\t\t<\/style>\n\t\t<div id='gallery-2' class='gallery galleryid-822 gallery-columns-4 gallery-size-thumbnail'><dl class='gallery-item'>\n\t\t\t<dt class='gallery-icon landscape'>\n\t\t\t\t<a href='http:\/\/www.erlebnishof-offenstall.at\/?attachment_id=825#main'><img width=\"150\" height=\"150\" src=\"http:\/\/www.erlebnishof-offenstall.at\/wp-content\/uploads\/DSCF1004-150x150.jpg\" class=\"attachment-thumbnail size-thumbnail\" alt=\"\" loading=\"lazy\" \/><\/a>\n\t\t\t<\/dt><\/dl><dl class='gallery-item'>\n\t\t\t<dt class='gallery-icon landscape'>\n\t\t\t\t<a href='http:\/\/www.erlebnishof-offenstall.at\/?attachment_id=826#main'><img width=\"150\" height=\"150\" src=\"http:\/\/www.erlebnishof-offenstall.at\/wp-content\/uploads\/DSCF1143-150x150.jpg\" class=\"attachment-thumbnail size-thumbnail\" alt=\"\" loading=\"lazy\" \/><\/a>\n\t\t\t<\/dt><\/dl><dl class='gallery-item'>\n\t\t\t<dt class='gallery-icon landscape'>\n\t\t\t\t<a href='http:\/\/www.erlebnishof-offenstall.at\/?attachment_id=827#main'><img width=\"150\" height=\"150\" src=\"http:\/\/www.erlebnishof-offenstall.at\/wp-content\/uploads\/DSCF1144-150x150.jpg\" class=\"attachment-thumbnail size-thumbnail\" alt=\"\" loading=\"lazy\" \/><\/a>\n\t\t\t<\/dt><\/dl><dl class='gallery-item'>\n\t\t\t<dt class='gallery-icon landscape'>\n\t\t\t\t<a href='http:\/\/www.erlebnishof-offenstall.at\/?attachment_id=828#main'><img width=\"150\" height=\"150\" src=\"http:\/\/www.erlebnishof-offenstall.at\/wp-content\/uploads\/DSCF1149-150x150.jpg\" class=\"attachment-thumbnail size-thumbnail\" alt=\"\" loading=\"lazy\" \/><\/a>\n\t\t\t<\/dt><\/dl><br style=\"clear: both\" \/><dl class='gallery-item'>\n\t\t\t<dt class='gallery-icon landscape'>\n\t\t\t\t<a href='http:\/\/www.erlebnishof-offenstall.at\/?attachment_id=829#main'><img width=\"150\" height=\"150\" src=\"http:\/\/www.erlebnishof-offenstall.at\/wp-content\/uploads\/DSCF1165-150x150.jpg\" class=\"attachment-thumbnail size-thumbnail\" alt=\"\" loading=\"lazy\" \/><\/a>\n\t\t\t<\/dt><\/dl><dl class='gallery-item'>\n\t\t\t<dt class='gallery-icon landscape'>\n\t\t\t\t<a href='http:\/\/www.erlebnishof-offenstall.at\/?attachment_id=830#main'><img width=\"150\" height=\"150\" src=\"http:\/\/www.erlebnishof-offenstall.at\/wp-content\/uploads\/DSCF1167-150x150.jpg\" class=\"attachment-thumbnail size-thumbnail\" alt=\"\" loading=\"lazy\" \/><\/a>\n\t\t\t<\/dt><\/dl><dl class='gallery-item'>\n\t\t\t<dt class='gallery-icon landscape'>\n\t\t\t\t<a href='http:\/\/www.erlebnishof-offenstall.at\/?attachment_id=831#main'><img width=\"150\" height=\"150\" src=\"http:\/\/www.erlebnishof-offenstall.at\/wp-content\/uploads\/DSCF1189-150x150.jpg\" class=\"attachment-thumbnail size-thumbnail\" alt=\"\" loading=\"lazy\" \/><\/a>\n\t\t\t<\/dt><\/dl><dl class='gallery-item'>\n\t\t\t<dt class='gallery-icon landscape'>\n\t\t\t\t<a href='http:\/\/www.erlebnishof-offenstall.at\/?attachment_id=832#main'><img width=\"150\" height=\"150\" src=\"http:\/\/www.erlebnishof-offenstall.at\/wp-content\/uploads\/DSCF3422-150x150.jpg\" class=\"attachment-thumbnail size-thumbnail\" alt=\"\" loading=\"lazy\" \/><\/a>\n\t\t\t<\/dt><\/dl><br style=\"clear: both\" \/><dl class='gallery-item'>\n\t\t\t<dt class='gallery-icon portrait'>\n\t\t\t\t<a href='http:\/\/www.erlebnishof-offenstall.at\/?attachment_id=833#main'><img width=\"150\" height=\"150\" src=\"http:\/\/www.erlebnishof-offenstall.at\/wp-content\/uploads\/DSCF3424-150x150.jpg\" class=\"attachment-thumbnail size-thumbnail\" alt=\"\" loading=\"lazy\" \/><\/a>\n\t\t\t<\/dt><\/dl><dl class='gallery-item'>\n\t\t\t<dt class='gallery-icon portrait'>\n\t\t\t\t<a href='http:\/\/www.erlebnishof-offenstall.at\/?attachment_id=834#main'><img width=\"150\" height=\"150\" src=\"http:\/\/www.erlebnishof-offenstall.at\/wp-content\/uploads\/DSCF3477-150x150.jpg\" class=\"attachment-thumbnail size-thumbnail\" alt=\"\" loading=\"lazy\" \/><\/a>\n\t\t\t<\/dt><\/dl><dl class='gallery-item'>\n\t\t\t<dt class='gallery-icon landscape'>\n\t\t\t\t<a href='http:\/\/www.erlebnishof-offenstall.at\/?attachment_id=835#main'><img width=\"150\" height=\"150\" src=\"http:\/\/www.erlebnishof-offenstall.at\/wp-content\/uploads\/DSCF4917-150x150.jpg\" class=\"attachment-thumbnail size-thumbnail\" alt=\"\" loading=\"lazy\" \/><\/a>\n\t\t\t<\/dt><\/dl><dl class='gallery-item'>\n\t\t\t<dt class='gallery-icon portrait'>\n\t\t\t\t<a href='http:\/\/www.erlebnishof-offenstall.at\/?attachment_id=836#main'><img width=\"150\" height=\"150\" src=\"http:\/\/www.erlebnishof-offenstall.at\/wp-content\/uploads\/IMGP2831-150x150.jpg\" class=\"attachment-thumbnail size-thumbnail\" alt=\"\" loading=\"lazy\" \/><\/a>\n\t\t\t<\/dt><\/dl><br style=\"clear: both\" \/><dl class='gallery-item'>\n\t\t\t<dt class='gallery-icon landscape'>\n\t\t\t\t<a href='http:\/\/www.erlebnishof-offenstall.at\/?attachment_id=837#main'><img width=\"150\" height=\"150\" src=\"http:\/\/www.erlebnishof-offenstall.at\/wp-content\/uploads\/IMGP2833-150x150.jpg\" class=\"attachment-thumbnail size-thumbnail\" alt=\"\" loading=\"lazy\" \/><\/a>\n\t\t\t<\/dt><\/dl>\n\t\t\t<br style='clear: both' \/>\n\t\t<\/div>\n\n<p><strong>Aussie Standart:<br \/>\n<\/strong><a href=\"http:\/\/www.erlebnishof-offenstall.at\/wp-content\/uploads\/FCI-AUSTRARIAN-SHEPHERD.pdf\">FCI AUSTRALIAN SHEPHERD<\/a><\/p>\n<p><strong>Allgemeine Infos \u00fcber Aussiekrankheiten:<\/strong><\/p>\n<p><a href=\"http:\/\/www.erlebnishof-offenstall.at\/wp-content\/uploads\/H\u00fcftgelenksdysplasie.pdf\">H\u00fcftgelenksdysplasie<\/a><br \/>\n<a href=\"http:\/\/www.erlebnishof-offenstall.at\/wp-content\/uploads\/MDR1.pdf\">MDR1<\/a><br \/>\n<a href=\"http:\/\/www.erlebnishof-offenstall.at\/wp-content\/uploads\/Augenerkrankungen.pdf\">Augenerkrankungen<\/a><\/p>\n<p>Epilepsie:<br \/>\n<a href=\"http:\/\/www.erlebnishof-offenstall.at\/wp-content\/uploads\/Studienabschluss-Australian-Shepherd-Epilepsie.pdf\">Studienabschluss Australian Shepherd-Epilepsie<\/a><br \/>\nF\u00fcr Z\u00fcchter:<br \/>\n<a href=\"http:\/\/www.erlebnishof-offenstall.at\/wp-content\/uploads\/Exklusiv-f\u00fcr-Studienteilnehmer.pdf\">Exklusiv f\u00fcr Studienteilnehmer<\/a><\/p>\n","protected":false},"excerpt":{"rendered":"<p>&#8222;Australian Shepherd Zucht vom Offenstall Simmering&#8220; Seit 2013\u00a0 haben wir das Zuchtg\u00fctesiegel vom \u00d6KV verliehen bekommen. Die Zuchtst\u00e4tte wird j\u00e4hrlich nachgepr\u00fcft ob auch alle Anforderungen eingehalten werden. Zuchtguetesiegel2013 Wir sind <a class=\"more-link\" href=\"http:\/\/www.erlebnishof-offenstall.at\/?page_id=822\">Weiterlesen \u2192<\/a><\/p>\n","protected":false},"author":2,"featured_media":0,"parent":0,"menu_order":0,"comment_status":"closed","ping_status":"open","template":"","meta":[],"_links":{"self":[{"href":"http:\/\/www.erlebnishof-offenstall.at\/index.php?rest_route=\/wp\/v2\/pages\/822"}],"collection":[{"href":"http:\/\/www.erlebnishof-offenstall.at\/index.php?rest_route=\/wp\/v2\/pages"}],"about":[{"href":"http:\/\/www.erlebnishof-offenstall.at\/index.php?rest_route=\/wp\/v2\/types\/page"}],"author":[{"embeddable":true,"href":"http:\/\/www.erlebnishof-offenstall.at\/index.php?rest_route=\/wp\/v2\/users\/2"}],"replies":[{"embeddable":true,"href":"http:\/\/www.erlebnishof-offenstall.at\/index.php?rest_route=%2Fwp%2Fv2%2Fcomments&post=822"}],"version-history":[{"count":14,"href":"http:\/\/www.erlebnishof-offenstall.at\/index.php?rest_route=\/wp\/v2\/pages\/822\/revisions"}],"predecessor-version":[{"id":2381,"href":"http:\/\/www.erlebnishof-offenstall.at\/index.php?rest_route=\/wp\/v2\/pages\/822\/revisions\/2381"}],"wp:attachment":[{"href":"http:\/\/www.erlebnishof-offenstall.at\/index.php?rest_route=%2Fwp%2Fv2%2Fmedia&parent=822"}],"curies":[{"name":"wp","href":"https:\/\/api.w.org\/{rel}","templated":true}]}}