{"id":6,"date":"2013-03-16T19:14:00","date_gmt":"2013-03-16T17:14:00","guid":{"rendered":"http:\/\/www.erlebnishof-offenstall.at\/?page_id=6"},"modified":"2025-01-28T22:50:33","modified_gmt":"2025-01-28T20:50:33","slug":"news","status":"publish","type":"page","link":"http:\/\/www.erlebnishof-offenstall.at\/?page_id=6","title":{"rendered":"News"},"content":{"rendered":"<h1><\/h1>\n<h1>2024<\/h1>\n<p><strong>Stadtteilentwicklungskonzept Kaiserebersdorf\u00a0<\/strong><br \/>\nhttps:\/\/www.wien.gv.at\/stadtplanung\/kaiserebersdorf<\/p>\n<p>Wir sind leider von den Bauvorhaben betroffen, und nach dem aktuellen Stand der Dinge m\u00fcssen wir weg.<br \/>\n\u00dcber 1300 Unterschriften f\u00fcr unsere Petition haben leider nichts gebracht.<\/p>\n<p><a href=\"https:\/\/petitionen.wien.gv.at\/petition\/online\/PetitionDetail.aspx?PetID=5305389a302e4642b5edae33a66865a6\">Petition &#8211; Sichern wir den Erhalt des Erlebnishofes Simmering f\u00fcr unser Wien!<\/a><\/p>\n<h1>2023<\/h1>\n<p>Wer Interesse an Tiergest\u00fctzte Aktivit\u00e4ten mit Shetlandponys hat bitte<br \/>\nbei Sylvia (Tel. 0676 92 15 410 Nachmittags) melden.<\/p>\n<h1>2022<\/h1>\n<p>der O-Wurf ist da. 27.04.2022<\/p>\n<h1>2021<\/h1>\n<p>unser N-Wurf ist da 02.06.2021<\/p>\n<h1>2020<\/h1>\n<p>M-Wurf ist da 28.04.2020<\/p>\n<h1>2019<\/h1>\n<p>Hannes Soukup geht in Pension, dadurch reduzieren sich unsere Erlebnishof-Aktivit\u00e4ten.<\/p>\n<h1>Ferienspiel Naturfreunde 2018<\/h1>\n<p>11.07.2018 und 09.08.2018 Anmeldung \u00fcber die Naturfreunde bzw. Sommerferienspielpa\u00df.<\/p>\n<h1>Wurfplanung L- Wurf Sommer 2018<\/h1>\n<p>wir wiederholen unseren I- Wurf<br \/>\n<strong>Mutter: Offenstall Simmering Chinaka\u00a0 &amp;\u00a0 <\/strong><strong>Vater: Fraytal Loverdose \u201cRover\u201d<br \/>\n<\/strong>Die Welpen werden Anfang Mai erwartet.<\/p>\n<h1>12.03.2018 unser K- Wurf ist da!<\/h1>\n<p>7 gesunde Welpen!<\/p>\n<h1>Wurfplanung Fr\u00fchjahr 2018<\/h1>\n<p>Offenstall Simmering Gasira &#8222;Kathy&#8220; x\u00a0 Bud Spencer the gently Bodyguard<\/p>\n<h1>Ferienspiel 2017<\/h1>\n<p>17.07 + 07.08 10.00 Uhr Simmeringer Ferienspiel<br \/>\n12.07 + 09.08 Ferienspiel Naturfreunde<\/p>\n<h1>RIP Paso und Pepi 2016<\/h1>\n<h1>Wurfplanung Sommer 2016<\/h1>\n<p>Alle Welpen sind bereits ausgezogen.<\/p>\n<p>J- Wurf\u00a0 <strong>Mutter<\/strong>: Offenstall Simmering Akippi x <strong>Vater<\/strong>: Western Recalls Old Shatterhand Ranger<br \/>\nAkippi wurde von Ranger gedeckt, wir erwarten unseren J -Wurf Anfang Juni 2016<\/p>\n<h1>Unser I &#8211; Wurf ist da!!<\/h1>\n<p>Chinaka hat uns am 06.04.2016 7 kr\u00e4ftige Welpen geschenkt.<\/p>\n<h1>Wurfplanung I- Wurf Fr\u00fchjahr 2016:<\/h1>\n<p><strong>Mutter: Offenstall Simmering Chinaka\u00a0 &amp;\u00a0 <\/strong><strong>Vater: Fraytal Loverdose \u201cRover\u201d<\/strong><\/p>\n<p>Chinaka wurde von Rover gedeckt, wir erwarten Anfang April unseren I Wurf!!<\/p>\n<h1><strong>Ferienspieltermine 2015:<\/strong><\/h1>\n<p><strong><span style=\"color: #ff0000;\">10.08, 12.08 und 13. 08 jeweils von 13.30-15.30 und 16.00-18.00<\/span><\/strong><\/p>\n<p>Lernt die Tiere am Bauernhof kennen und l\u00f6st die Aufgaben einer R\u00e4tselrallye. Lama, Ponys, Ziegen, Kaninchen, Schafe und auch die Hunde helfen euch, die richtigen Antworten zu finden! Feste Schuhe, Sonnenschutz und Kleidung, die schmutzig werden darf erforderlich!<\/p>\n<p>Kinder Euro 3.-, Erwachsene Euro 1.- (max. 1 Erwachsener)<\/p>\n<p><strong><span style=\"color: #ff0000;\">Tel. 4000-84 400 Anmeldung (ab Sa, 25.7.) in der wienXtra-kinderinfo erforderlich!<\/span><\/strong><\/p>\n<p><strong><span style=\"color: #0000ff;\">06.07,\u00a0 10.08\u00a0 von 10.00- 12.00 Bezirksferienspiel, Tiere f\u00fcttern, beobachten und streicheln.<\/span><\/strong><\/p>\n<p><span style=\"color: #ff0000;\"><strong>03.2015<\/strong><\/span><\/p>\n<p>Wir haben einen Verein gegr\u00fcndet: &#8222;<strong>Verein zur F\u00f6rderung der Tier- Mensch Begegnung und Beziehung in Wien<\/strong>&#8222;.<\/p>\n<p>Wer uns also unterst\u00fctzen m\u00f6chte damit wir den Hof &#8222;Erlebnishof-Offenstall Simmering&#8220; weiter erhalten k\u00f6nnen kann das gerne tun.<br \/>\nUnser Vereins und Spendenkonto bei der Bank Austria:<br \/>\nIBAN: <strong>AT76 12000 10012186127<\/strong> ltd. auf Erlebnishof-Offenstall Simmering BIC: <strong>BKAUATWW<\/strong><\/p>\n<p>Akippi wurde von Ranger gedeckt. Wir erwarten wieder Welpen.<\/p>\n<p><span style=\"color: #ff0000;\"><strong>Ferienspieltermine 2015:<\/strong><\/span><\/p>\n<p>10.08, 12.08 und 13.08 jeweils von 13.30-15.30 und\u00a016.00-18.00 (Wien extra, Ferienspielpa\u00df)<\/p>\n<p>10.08 von 10.00-11.00 (Bezirk)<\/p>\n<p><strong>Am <span style=\"color: #ff0000;\">08.04.2014<\/span> und <span style=\"color: #ff0000;\">10.06.2014<\/span> findet von 14.00-16.00 ein\u00a0Kindererlebnistag f\u00fcr Privatpersonen statt.<br \/>\nKosten pro Kind 10.- <\/strong><\/p>\n<p><strong>Am<span style=\"color: #ff0000;\"> 13.05.2014<\/span> findet eine Lamawanderung von 14.00-16.00 f\u00fcr Privatpersonen statt.<br \/>\nKosten pro Kind 15.-<\/strong><\/p>\n<p><strong><br \/>\nBitte per Mail <a href=\"mailto:offenstall@gmx.at\">offenstall@gmx.at<\/a> anmelden, da die Teilnehmerzahl begrenzt ist.<\/strong><\/p>\n<p>01.03.2014-Wir sind wieder mit dabei ,beim Faschingsumzug auf der Simmeringer Hauptstra\u00dfe.<\/p>\n<p>07.10.2013- Chinakas Ultraschall ist positiv!!<\/p>\n<p>11.09.2013 &#8211; Chinaka wurde von Byron gedeckt.<\/p>\n<p>21.03.2013 &#8211; Neuer Wurf &#8211; <a title=\"Aktueller Wurf\" href=\"http:\/\/www.erlebnishof-offenstall.at\/?page_id=78\">hier klicken<\/a><\/p>\n<p><img class=\"ngg_displayed_gallery mceItem\" src=\"http:\/\/www.erlebnishof-offenstall.at\/index.php\/nextgen-attach_to_post\/preview\/id--962\" alt=\"\" \/><\/p>\n","protected":false},"excerpt":{"rendered":"<p>2024 Stadtteilentwicklungskonzept Kaiserebersdorf\u00a0 https:\/\/www.wien.gv.at\/stadtplanung\/kaiserebersdorf Wir sind leider von den Bauvorhaben betroffen, und nach dem aktuellen Stand der Dinge m\u00fcssen wir weg. \u00dcber 1300 Unterschriften f\u00fcr unsere Petition haben leider nichts <a class=\"more-link\" href=\"http:\/\/www.erlebnishof-offenstall.at\/?page_id=6\">Weiterlesen \u2192<\/a><\/p>\n","protected":false},"author":1,"featured_media":0,"parent":0,"menu_order":0,"comment_status":"closed","ping_status":"closed","template":"","meta":[],"_links":{"self":[{"href":"http:\/\/www.erlebnishof-offenstall.at\/index.php?rest_route=\/wp\/v2\/pages\/6"}],"collection":[{"href":"http:\/\/www.erlebnishof-offenstall.at\/index.php?rest_route=\/wp\/v2\/pages"}],"about":[{"href":"http:\/\/www.erlebnishof-offenstall.at\/index.php?rest_route=\/wp\/v2\/types\/page"}],"author":[{"embeddable":true,"href":"http:\/\/www.erlebnishof-offenstall.at\/index.php?rest_route=\/wp\/v2\/users\/1"}],"replies":[{"embeddable":true,"href":"http:\/\/www.erlebnishof-offenstall.at\/index.php?rest_route=%2Fwp%2Fv2%2Fcomments&post=6"}],"version-history":[{"count":42,"href":"http:\/\/www.erlebnishof-offenstall.at\/index.php?rest_route=\/wp\/v2\/pages\/6\/revisions"}],"predecessor-version":[{"id":2556,"href":"http:\/\/www.erlebnishof-offenstall.at\/index.php?rest_route=\/wp\/v2\/pages\/6\/revisions\/2556"}],"wp:attachment":[{"href":"http:\/\/www.erlebnishof-offenstall.at\/index.php?rest_route=%2Fwp%2Fv2%2Fmedia&parent=6"}],"curies":[{"name":"wp","href":"https:\/\/api.w.org\/{rel}","templated":true}]}}