{"id":57,"date":"2013-03-18T17:57:57","date_gmt":"2013-03-18T15:57:57","guid":{"rendered":"http:\/\/www.erlebnishof-offenstall.at\/?page_id=57"},"modified":"2013-04-15T00:04:03","modified_gmt":"2013-04-14T22:04:03","slug":"ausreitgebiet","status":"publish","type":"page","link":"http:\/\/www.erlebnishof-offenstall.at\/?page_id=57","title":{"rendered":"Ausreitgebiet"},"content":{"rendered":"<p>Wir haben das gro\u00dfe Gl\u00fcck am Stadtrand von Wien zu Hause zu sein. Daraus ergibt sich ein unbegrenztes Ausreitvergn\u00fcgen.<\/p>\n<p>Gleich angrenzend ist der Laaberg weiters reiten wir nach Unterlaa, Oberlaa, Kledering, Maria Lanzendorf, Zw\u00f6lfaxing etc..<\/p>\n<p>Der Blick auf den Laaberg von der Br\u00fccke aus.<br \/>\n(5min vom Stall entfernt)<\/p>\n<p><img loading=\"lazy\" class=\"alignnone size-medium wp-image-446\" alt=\"IMAG0009\" src=\"http:\/\/www.erlebnishof-offenstall.at\/wp-content\/uploads\/IMAG0009-300x225.jpg\" width=\"300\" height=\"225\" srcset=\"http:\/\/www.erlebnishof-offenstall.at\/wp-content\/uploads\/IMAG0009-300x225.jpg 300w, http:\/\/www.erlebnishof-offenstall.at\/wp-content\/uploads\/IMAG0009.jpg 480w\" sizes=\"(max-width: 300px) 100vw, 300px\" \/> <a href=\"http:\/\/www.erlebnishof-offenstall.at\/wp-content\/uploads\/IMAG0010.jpg\"><img loading=\"lazy\" class=\"alignnone size-medium wp-image-447\" alt=\"IMAG0010\" src=\"http:\/\/www.erlebnishof-offenstall.at\/wp-content\/uploads\/IMAG0010-300x225.jpg\" width=\"300\" height=\"225\" srcset=\"http:\/\/www.erlebnishof-offenstall.at\/wp-content\/uploads\/IMAG0010-300x225.jpg 300w, http:\/\/www.erlebnishof-offenstall.at\/wp-content\/uploads\/IMAG0010.jpg 480w\" sizes=\"(max-width: 300px) 100vw, 300px\" \/><\/a><\/p>\n<p><a href=\"http:\/\/www.erlebnishof-offenstall.at\/wp-content\/uploads\/IMAG0022.jpg\"><img loading=\"lazy\" class=\"alignnone size-medium wp-image-448\" alt=\"IMAG0022\" src=\"http:\/\/www.erlebnishof-offenstall.at\/wp-content\/uploads\/IMAG0022-300x225.jpg\" width=\"300\" height=\"225\" srcset=\"http:\/\/www.erlebnishof-offenstall.at\/wp-content\/uploads\/IMAG0022-300x225.jpg 300w, http:\/\/www.erlebnishof-offenstall.at\/wp-content\/uploads\/IMAG0022.jpg 480w\" sizes=\"(max-width: 300px) 100vw, 300px\" \/><\/a><a href=\"http:\/\/www.erlebnishof-offenstall.at\/wp-content\/uploads\/IMAG0024.jpg\"> <img loading=\"lazy\" alt=\"IMAG0024\" src=\"http:\/\/www.erlebnishof-offenstall.at\/wp-content\/uploads\/IMAG0024-300x225.jpg\" width=\"300\" height=\"225\" \/><\/a><\/p>\n<p>Am Laaberg reitet man meist zwischen den Weing\u00e4rten auf Wiesen und Schotterwegen.<\/p>\n<p><a href=\"http:\/\/www.erlebnishof-offenstall.at\/wp-content\/uploads\/IMAG0028.jpg\"><img loading=\"lazy\" class=\"alignnone size-medium wp-image-450\" alt=\"IMAG0028\" src=\"http:\/\/www.erlebnishof-offenstall.at\/wp-content\/uploads\/IMAG0028-300x225.jpg\" width=\"300\" height=\"225\" srcset=\"http:\/\/www.erlebnishof-offenstall.at\/wp-content\/uploads\/IMAG0028-300x225.jpg 300w, http:\/\/www.erlebnishof-offenstall.at\/wp-content\/uploads\/IMAG0028.jpg 384w\" sizes=\"(max-width: 300px) 100vw, 300px\" \/><\/a> <a href=\"http:\/\/www.erlebnishof-offenstall.at\/wp-content\/uploads\/IMAG0030.jpg\"><img loading=\"lazy\" class=\"alignnone size-medium wp-image-451\" alt=\"IMAG0030\" src=\"http:\/\/www.erlebnishof-offenstall.at\/wp-content\/uploads\/IMAG0030-300x225.jpg\" width=\"300\" height=\"225\" srcset=\"http:\/\/www.erlebnishof-offenstall.at\/wp-content\/uploads\/IMAG0030-300x225.jpg 300w, http:\/\/www.erlebnishof-offenstall.at\/wp-content\/uploads\/IMAG0030.jpg 384w\" sizes=\"(max-width: 300px) 100vw, 300px\" \/><\/a><\/p>\n<p><a href=\"http:\/\/www.erlebnishof-offenstall.at\/wp-content\/uploads\/IMAG0034.jpg\"><img loading=\"lazy\" class=\"alignnone size-medium wp-image-452\" alt=\"IMAG0034\" src=\"http:\/\/www.erlebnishof-offenstall.at\/wp-content\/uploads\/IMAG0034-300x225.jpg\" width=\"300\" height=\"225\" srcset=\"http:\/\/www.erlebnishof-offenstall.at\/wp-content\/uploads\/IMAG0034-300x225.jpg 300w, http:\/\/www.erlebnishof-offenstall.at\/wp-content\/uploads\/IMAG0034.jpg 480w\" sizes=\"(max-width: 300px) 100vw, 300px\" \/><\/a> <a href=\"http:\/\/www.erlebnishof-offenstall.at\/wp-content\/uploads\/IMAG0035.jpg\"><img loading=\"lazy\" class=\"alignnone size-medium wp-image-453\" alt=\"IMAG0035\" src=\"http:\/\/www.erlebnishof-offenstall.at\/wp-content\/uploads\/IMAG0035-300x225.jpg\" width=\"300\" height=\"225\" srcset=\"http:\/\/www.erlebnishof-offenstall.at\/wp-content\/uploads\/IMAG0035-300x225.jpg 300w, http:\/\/www.erlebnishof-offenstall.at\/wp-content\/uploads\/IMAG0035.jpg 480w\" sizes=\"(max-width: 300px) 100vw, 300px\" \/><\/a><\/p>\n<p><a href=\"http:\/\/www.erlebnishof-offenstall.at\/wp-content\/uploads\/IMAG0037.jpg\"><img loading=\"lazy\" class=\"alignnone size-medium wp-image-454\" alt=\"IMAG0037\" src=\"http:\/\/www.erlebnishof-offenstall.at\/wp-content\/uploads\/IMAG0037-300x225.jpg\" width=\"300\" height=\"225\" srcset=\"http:\/\/www.erlebnishof-offenstall.at\/wp-content\/uploads\/IMAG0037-300x225.jpg 300w, http:\/\/www.erlebnishof-offenstall.at\/wp-content\/uploads\/IMAG0037.jpg 384w\" sizes=\"(max-width: 300px) 100vw, 300px\" \/><\/a> <a href=\"http:\/\/www.erlebnishof-offenstall.at\/wp-content\/uploads\/IMAG0038.jpg\"><img loading=\"lazy\" class=\"alignnone size-medium wp-image-455\" alt=\"IMAG0038\" src=\"http:\/\/www.erlebnishof-offenstall.at\/wp-content\/uploads\/IMAG0038-300x225.jpg\" width=\"300\" height=\"225\" srcset=\"http:\/\/www.erlebnishof-offenstall.at\/wp-content\/uploads\/IMAG0038-300x225.jpg 300w, http:\/\/www.erlebnishof-offenstall.at\/wp-content\/uploads\/IMAG0038.jpg 480w\" sizes=\"(max-width: 300px) 100vw, 300px\" \/><\/a><\/p>\n<p><a href=\"http:\/\/www.erlebnishof-offenstall.at\/wp-content\/uploads\/IMAG0039.jpg\"><img loading=\"lazy\" class=\"alignnone size-medium wp-image-456\" alt=\"IMAG0039\" src=\"http:\/\/www.erlebnishof-offenstall.at\/wp-content\/uploads\/IMAG0039-300x225.jpg\" width=\"300\" height=\"225\" srcset=\"http:\/\/www.erlebnishof-offenstall.at\/wp-content\/uploads\/IMAG0039-300x225.jpg 300w, http:\/\/www.erlebnishof-offenstall.at\/wp-content\/uploads\/IMAG0039.jpg 480w\" sizes=\"(max-width: 300px) 100vw, 300px\" \/><\/a><\/p>\n<p>Auch der Blick auf Wien und den Zentralfriedhof ist immer wieder sch\u00f6n.<\/p>\n","protected":false},"excerpt":{"rendered":"<p>Wir haben das gro\u00dfe Gl\u00fcck am Stadtrand von Wien zu Hause zu sein. Daraus ergibt sich ein unbegrenztes Ausreitvergn\u00fcgen. Gleich angrenzend ist der Laaberg weiters reiten wir nach Unterlaa, Oberlaa, <a class=\"more-link\" href=\"http:\/\/www.erlebnishof-offenstall.at\/?page_id=57\">Weiterlesen \u2192<\/a><\/p>\n","protected":false},"author":1,"featured_media":0,"parent":0,"menu_order":0,"comment_status":"closed","ping_status":"closed","template":"","meta":[],"_links":{"self":[{"href":"http:\/\/www.erlebnishof-offenstall.at\/index.php?rest_route=\/wp\/v2\/pages\/57"}],"collection":[{"href":"http:\/\/www.erlebnishof-offenstall.at\/index.php?rest_route=\/wp\/v2\/pages"}],"about":[{"href":"http:\/\/www.erlebnishof-offenstall.at\/index.php?rest_route=\/wp\/v2\/types\/page"}],"author":[{"embeddable":true,"href":"http:\/\/www.erlebnishof-offenstall.at\/index.php?rest_route=\/wp\/v2\/users\/1"}],"replies":[{"embeddable":true,"href":"http:\/\/www.erlebnishof-offenstall.at\/index.php?rest_route=%2Fwp%2Fv2%2Fcomments&post=57"}],"version-history":[{"count":5,"href":"http:\/\/www.erlebnishof-offenstall.at\/index.php?rest_route=\/wp\/v2\/pages\/57\/revisions"}],"predecessor-version":[{"id":445,"href":"http:\/\/www.erlebnishof-offenstall.at\/index.php?rest_route=\/wp\/v2\/pages\/57\/revisions\/445"}],"wp:attachment":[{"href":"http:\/\/www.erlebnishof-offenstall.at\/index.php?rest_route=%2Fwp%2Fv2%2Fmedia&parent=57"}],"curies":[{"name":"wp","href":"https:\/\/api.w.org\/{rel}","templated":true}]}}