{"id":239,"date":"2013-03-22T18:49:44","date_gmt":"2013-03-22T16:49:44","guid":{"rendered":"http:\/\/www.erlebnishof-offenstall.at\/?page_id=239"},"modified":"2013-09-11T21:57:35","modified_gmt":"2013-09-11T19:57:35","slug":"dabiku","status":"publish","type":"page","link":"http:\/\/www.erlebnishof-offenstall.at\/?page_id=239","title":{"rendered":"Dabiku"},"content":{"rendered":"<h1><\/h1>\n<div>\n<h1>Offenstall Simmering Dabiku&#8220;<\/h1>\n<p>= &#8222;Gabe&#8220;<\/p>\n<p>Dabiku wohnt jetzt bei Julia in Ottakring.<\/p>\n<\/div>\n<div>\n<p>Zuchtbuchnummer ASH 1448\/ Reg<\/p>\n<p>Offenstall Simmering Akippi x 4 Bar J Lizard\u00b4s Dreamcatcher &#8222;Tigger&#8220;<\/p>\n<p>geboren: 14.12.2010<br \/>\nH\u00fcndin kastriert<br \/>\nFarbe: red merle<br \/>\nMDR: +\/+ (durch Eltern)<br \/>\nHC Katarakt frei (durch Eltern)<br \/>\nAugen frei<\/p>\n<p>&nbsp;<\/p>\n<p>Dabiku ist eine sehr aufgeweckte und interessierte H\u00fcndin sie hat die Nase immer vorne. Ich w\u00fcrde f\u00fcr sie einen neuen Lebensplatz bei Hundeverstehern suchen die einen sportlichen und arbeitswilligen Begleiter suchen, wissen was Konsequenz und Respekt gegen\u00fcber dem Hund bedeutet.<\/p>\n<p>Dabiku ist Kinder und alle Arten von Tiere gew\u00f6hnt.<\/p>\n<p>&nbsp;<\/p>\n<\/div>\n<table width=\"100%\" border=\"0\">\n<tbody>\n<tr>\n<td width=\"70%\">\u00a0<a href=\"http:\/\/www.erlebnishof-offenstall.at\/wp-content\/uploads\/DSCF7410.jpg\"><img loading=\"lazy\" alt=\"DSCF7410\" src=\"http:\/\/www.erlebnishof-offenstall.at\/wp-content\/uploads\/DSCF7410-300x235.jpg\" width=\"300\" height=\"235\" \/><\/a><\/td>\n<td width=\"30%\"><\/td>\n<\/tr>\n<\/tbody>\n<\/table>\n<h1>Austellungen<\/h1>\n<table width=\"100%\" border=\"0\">\n<tbody>\n<tr>\n<td width=\"50%\">04.09.2011 ASA Clubshow<br \/>\n3. Platz vielversprechend<br \/>\n<b><\/b><\/td>\n<td width=\"50%\">\u00a0<a href=\"http:\/\/www.erlebnishof-offenstall.at\/wp-content\/uploads\/DSCF8036.jpg\"><img loading=\"lazy\" class=\"alignnone size-medium wp-image-348\" alt=\"DSCF8036\" src=\"http:\/\/www.erlebnishof-offenstall.at\/wp-content\/uploads\/DSCF8036-274x300.jpg\" width=\"274\" height=\"300\" srcset=\"http:\/\/www.erlebnishof-offenstall.at\/wp-content\/uploads\/DSCF8036-274x300.jpg 274w, http:\/\/www.erlebnishof-offenstall.at\/wp-content\/uploads\/DSCF8036.jpg 610w\" sizes=\"(max-width: 274px) 100vw, 274px\" \/><\/a><\/td>\n<\/tr>\n<\/tbody>\n<\/table>\n\n\t\t<style type=\"text\/css\">\n\t\t\t#gallery-1 {\n\t\t\t\tmargin: auto;\n\t\t\t}\n\t\t\t#gallery-1 .gallery-item {\n\t\t\t\tfloat: left;\n\t\t\t\tmargin-top: 10px;\n\t\t\t\ttext-align: center;\n\t\t\t\twidth: 33%;\n\t\t\t}\n\t\t\t#gallery-1 img {\n\t\t\t\tborder: 2px solid #cfcfcf;\n\t\t\t}\n\t\t\t#gallery-1 .gallery-caption {\n\t\t\t\tmargin-left: 0;\n\t\t\t}\n\t\t\t\/* see gallery_shortcode() in wp-includes\/media.php *\/\n\t\t<\/style>\n\t\t<div id='gallery-1' class='gallery galleryid-239 gallery-columns-3 gallery-size-thumbnail'><dl class='gallery-item'>\n\t\t\t<dt class='gallery-icon landscape'>\n\t\t\t\t<a href='http:\/\/www.erlebnishof-offenstall.at\/?attachment_id=403#main'><img width=\"150\" height=\"150\" src=\"http:\/\/www.erlebnishof-offenstall.at\/wp-content\/uploads\/SAM_0216-150x150.jpg\" class=\"attachment-thumbnail size-thumbnail\" alt=\"\" loading=\"lazy\" \/><\/a>\n\t\t\t<\/dt><\/dl><dl class='gallery-item'>\n\t\t\t<dt class='gallery-icon landscape'>\n\t\t\t\t<a href='http:\/\/www.erlebnishof-offenstall.at\/?attachment_id=402#main'><img width=\"150\" height=\"150\" src=\"http:\/\/www.erlebnishof-offenstall.at\/wp-content\/uploads\/SAM_0213-150x150.jpg\" class=\"attachment-thumbnail size-thumbnail\" alt=\"\" loading=\"lazy\" \/><\/a>\n\t\t\t<\/dt><\/dl><dl class='gallery-item'>\n\t\t\t<dt class='gallery-icon landscape'>\n\t\t\t\t<a href='http:\/\/www.erlebnishof-offenstall.at\/?attachment_id=401#main'><img width=\"150\" height=\"150\" src=\"http:\/\/www.erlebnishof-offenstall.at\/wp-content\/uploads\/SAM_0206-150x150.jpg\" class=\"attachment-thumbnail size-thumbnail\" alt=\"\" loading=\"lazy\" \/><\/a>\n\t\t\t<\/dt><\/dl><br style=\"clear: both\" \/><dl class='gallery-item'>\n\t\t\t<dt class='gallery-icon landscape'>\n\t\t\t\t<a href='http:\/\/www.erlebnishof-offenstall.at\/?attachment_id=400#main'><img width=\"150\" height=\"150\" src=\"http:\/\/www.erlebnishof-offenstall.at\/wp-content\/uploads\/DSCF74101-150x150.jpg\" class=\"attachment-thumbnail size-thumbnail\" alt=\"\" loading=\"lazy\" \/><\/a>\n\t\t\t<\/dt><\/dl><dl class='gallery-item'>\n\t\t\t<dt class='gallery-icon landscape'>\n\t\t\t\t<a href='http:\/\/www.erlebnishof-offenstall.at\/?attachment_id=359#main'><img width=\"150\" height=\"150\" src=\"http:\/\/www.erlebnishof-offenstall.at\/wp-content\/uploads\/DSCF5949-150x150.jpg\" class=\"attachment-thumbnail size-thumbnail\" alt=\"\" loading=\"lazy\" \/><\/a>\n\t\t\t<\/dt><\/dl><dl class='gallery-item'>\n\t\t\t<dt class='gallery-icon landscape'>\n\t\t\t\t<a href='http:\/\/www.erlebnishof-offenstall.at\/?attachment_id=358#main'><img width=\"150\" height=\"150\" src=\"http:\/\/www.erlebnishof-offenstall.at\/wp-content\/uploads\/DSCF5938-150x150.jpg\" class=\"attachment-thumbnail size-thumbnail\" alt=\"\" loading=\"lazy\" srcset=\"http:\/\/www.erlebnishof-offenstall.at\/wp-content\/uploads\/DSCF5938-150x150.jpg 150w, http:\/\/www.erlebnishof-offenstall.at\/wp-content\/uploads\/DSCF5938-300x297.jpg 300w, http:\/\/www.erlebnishof-offenstall.at\/wp-content\/uploads\/DSCF5938.jpg 416w\" sizes=\"(max-width: 150px) 100vw, 150px\" \/><\/a>\n\t\t\t<\/dt><\/dl><br style=\"clear: both\" \/><dl class='gallery-item'>\n\t\t\t<dt class='gallery-icon landscape'>\n\t\t\t\t<a href='http:\/\/www.erlebnishof-offenstall.at\/?attachment_id=357#main'><img width=\"150\" height=\"150\" src=\"http:\/\/www.erlebnishof-offenstall.at\/wp-content\/uploads\/DSCF5920-150x150.jpg\" class=\"attachment-thumbnail size-thumbnail\" alt=\"\" loading=\"lazy\" \/><\/a>\n\t\t\t<\/dt><\/dl><dl class='gallery-item'>\n\t\t\t<dt class='gallery-icon landscape'>\n\t\t\t\t<a href='http:\/\/www.erlebnishof-offenstall.at\/?attachment_id=356#main'><img width=\"150\" height=\"150\" src=\"http:\/\/www.erlebnishof-offenstall.at\/wp-content\/uploads\/DSCF5915-150x150.jpg\" class=\"attachment-thumbnail size-thumbnail\" alt=\"\" loading=\"lazy\" \/><\/a>\n\t\t\t<\/dt><\/dl><dl class='gallery-item'>\n\t\t\t<dt class='gallery-icon landscape'>\n\t\t\t\t<a href='http:\/\/www.erlebnishof-offenstall.at\/?attachment_id=355#main'><img width=\"150\" height=\"150\" src=\"http:\/\/www.erlebnishof-offenstall.at\/wp-content\/uploads\/DSCF6333-150x150.jpg\" class=\"attachment-thumbnail size-thumbnail\" alt=\"\" loading=\"lazy\" \/><\/a>\n\t\t\t<\/dt><\/dl><br style=\"clear: both\" \/><dl class='gallery-item'>\n\t\t\t<dt class='gallery-icon landscape'>\n\t\t\t\t<a href='http:\/\/www.erlebnishof-offenstall.at\/?attachment_id=354#main'><img width=\"150\" height=\"150\" src=\"http:\/\/www.erlebnishof-offenstall.at\/wp-content\/uploads\/DSCF6320-150x150.jpg\" class=\"attachment-thumbnail size-thumbnail\" alt=\"\" loading=\"lazy\" \/><\/a>\n\t\t\t<\/dt><\/dl>\n\t\t\t<br style='clear: both' \/>\n\t\t<\/div>\n\n","protected":false},"excerpt":{"rendered":"<p>Offenstall Simmering Dabiku&#8220; = &#8222;Gabe&#8220; Dabiku wohnt jetzt bei Julia in Ottakring. Zuchtbuchnummer ASH 1448\/ Reg Offenstall Simmering Akippi x 4 Bar J Lizard\u00b4s Dreamcatcher &#8222;Tigger&#8220; geboren: 14.12.2010 H\u00fcndin kastriert <a class=\"more-link\" href=\"http:\/\/www.erlebnishof-offenstall.at\/?page_id=239\">Weiterlesen \u2192<\/a><\/p>\n","protected":false},"author":1,"featured_media":0,"parent":76,"menu_order":0,"comment_status":"closed","ping_status":"closed","template":"","meta":[],"_links":{"self":[{"href":"http:\/\/www.erlebnishof-offenstall.at\/index.php?rest_route=\/wp\/v2\/pages\/239"}],"collection":[{"href":"http:\/\/www.erlebnishof-offenstall.at\/index.php?rest_route=\/wp\/v2\/pages"}],"about":[{"href":"http:\/\/www.erlebnishof-offenstall.at\/index.php?rest_route=\/wp\/v2\/types\/page"}],"author":[{"embeddable":true,"href":"http:\/\/www.erlebnishof-offenstall.at\/index.php?rest_route=\/wp\/v2\/users\/1"}],"replies":[{"embeddable":true,"href":"http:\/\/www.erlebnishof-offenstall.at\/index.php?rest_route=%2Fwp%2Fv2%2Fcomments&post=239"}],"version-history":[{"count":16,"href":"http:\/\/www.erlebnishof-offenstall.at\/index.php?rest_route=\/wp\/v2\/pages\/239\/revisions"}],"predecessor-version":[{"id":352,"href":"http:\/\/www.erlebnishof-offenstall.at\/index.php?rest_route=\/wp\/v2\/pages\/239\/revisions\/352"}],"up":[{"embeddable":true,"href":"http:\/\/www.erlebnishof-offenstall.at\/index.php?rest_route=\/wp\/v2\/pages\/76"}],"wp:attachment":[{"href":"http:\/\/www.erlebnishof-offenstall.at\/index.php?rest_route=%2Fwp%2Fv2%2Fmedia&parent=239"}],"curies":[{"name":"wp","href":"https:\/\/api.w.org\/{rel}","templated":true}]}}