{"id":150,"date":"2013-03-19T22:55:10","date_gmt":"2013-03-19T20:55:10","guid":{"rendered":"http:\/\/www.erlebnishof-offenstall.at\/?page_id=150"},"modified":"2017-04-24T10:59:24","modified_gmt":"2017-04-24T08:59:24","slug":"dreamy","status":"publish","type":"page","link":"http:\/\/www.erlebnishof-offenstall.at\/?page_id=150","title":{"rendered":"Dreamy"},"content":{"rendered":"<h1 style=\"text-align: left;\" align=\"center\"><span style=\"font-size: x-large;\">&#8222;Dream Dance vom Wooly Lama Hof&#8220;<\/span><\/h1>\n<p>Dreamy ist leider am 13.04.2017\u00a0 \u00fcber die Regenbogenbr\u00fccke gegangen. Mit 13 Jahren war sie bis zum Schlu\u00df sehr fit und gesund. Sie hinterl\u00e4\u00dft eine gro\u00dfe L\u00fccke bei uns am Hof und auch Kim ist traurig \u00fcber ihren Verlu\u00dft. Jetzt darf sie wieder mit Paso und Hanna \u00fcber die Weiden laufen.<\/p>\n<h3 style=\"text-align: left;\" align=\"center\"><b><b>Blue merle H\u00fcnndin<\/b><\/b><\/h3>\n<table width=\"100%\" border=\"0\">\n<tbody>\n<tr>\n<td width=\"70%\">geboren: 26.06.2004<br \/>\nFarbe: blue merle<br \/>\nAugenfarbe: amber<br \/>\nSchulterhoehe: 48cm<br \/>\nGewicht: 20,5 kg<br \/>\nHD: A frei<br \/>\nED: Kein Hinweis auf Ellbogengelenksdysplasie<br \/>\nOD: Kein Hinweis auf Osteochondrose<br \/>\nAugen: frei (jaehrlich)<br \/>\nUntersuchung auf Patellaluxation:<br \/>\nGrad 0 (Patella nicht luxiert, nicht luxierbar, reitende Patella)<br \/>\nkorrektes Gebiss<br \/>\nZuchtverband: FCI, OEKV ,ASA<b> <\/b><\/td>\n<td width=\"30%\">\u00a0<a href=\"http:\/\/www.erlebnishof-offenstall.at\/wp-content\/uploads\/PICT5756.jpg\"><img loading=\"lazy\" class=\"size-medium wp-image-153 alignright\" alt=\"PICT5756\" src=\"http:\/\/www.erlebnishof-offenstall.at\/wp-content\/uploads\/PICT5756-300x185.jpg\" width=\"300\" height=\"185\" srcset=\"http:\/\/www.erlebnishof-offenstall.at\/wp-content\/uploads\/PICT5756-300x185.jpg 300w, http:\/\/www.erlebnishof-offenstall.at\/wp-content\/uploads\/PICT5756.jpg 420w\" sizes=\"(max-width: 300px) 100vw, 300px\" \/><\/a><\/td>\n<\/tr>\n<\/tbody>\n<\/table>\n<p><span style=\"color: #ff0000;\">Dreamy wird keinen Nachwuchs bekommen.<\/span> <span style=\"color: #ff0000;\"> Wir haben durch Recherchen herausgefunden das in der Linie muetterlicherseits\u00a0 Epilepsiefaelle aufgetreten sind bzw. Tiere daran erkrankt und gestorben sind. Dreamy wird deswegen aus der Zucht genommen. Das Risiko das die Welpen erblich belastet sein koennten waere zu hoch. Dreamy hat bis jetzt noch keinerlei Anzeichen einer Epilepsie gezeigt und wird das hoffentlich in Zukunft auch nicht tun.<\/span><\/p>\n<h1>Austellungen<\/h1>\n<table width=\"100%\" border=\"0\">\n<tbody>\n<tr>\n<td width=\"50%\">IHA Graz 11.03.2007<br \/>\n<span style=\"color: #339966;\"><strong>sehr gut<\/strong><\/span><br \/>\nRichter: Phillis Poduschka AignerIHA Wieselburg 15.04.2007<br \/>\n<strong><span style=\"color: #339966;\">vorzueglich 1, CACA<\/span><\/strong><br \/>\nRichter: Erwin Deutscher<\/td>\n<td width=\"50%\"><\/td>\n<\/tr>\n<\/tbody>\n<\/table>\n<h1>Pr\u00fcfungen<\/h1>\n<table width=\"100%\" border=\"0\">\n<tbody>\n<tr>\n<td width=\"50%\"><strong>Begleithunde I BH I\u00a0 OEHU<\/strong><br \/>\nbestanden am 26.05.2007 mit<br \/>\n<strong><span style=\"color: #339966;\">vorzueglich<\/span><\/strong><br \/>\n<strong><span style=\"color: #339966;\"> 294 Punkten<\/span><\/strong><br \/>\nRichter: Erich Knauder<br \/>\nVerein: Heeressportverein Wien<br \/>\n<b><\/b><strong>Vereinsturnier Anfaenger BH I Anfaenger OEHU<\/strong><br \/>\nam 27.05.2007<br \/>\n<span style=\"color: #339966;\"><strong>2. Platz (von 10 Startern)<\/strong><\/span><br \/>\n<span style=\"color: #339966;\"><strong> 276 Punkte<\/strong><\/span><br \/>\nRichter: Erich Knauder<br \/>\n<strong>Verein: Heeressportverein WienOG &#8211; Pruefung BGH A<\/strong><br \/>\nam 23.06.2007<br \/>\n<span style=\"color: #339966;\"><strong>90 Punkte Sehr gut<\/strong><\/span><br \/>\nRichter: M. Kohlbauer<br \/>\nVerein: OG 103 SchwechatIn Ausbildung zum Therapiehund bei TAT.Pruefung zum Therapiehund bestanden am 04.05.2009<\/td>\n<td width=\"50%\">\u00a0<a href=\"http:\/\/www.erlebnishof-offenstall.at\/wp-content\/uploads\/0605250027.jpg\"><img loading=\"lazy\" class=\"size-full wp-image-178 alignleft\" alt=\"0605250027\" src=\"http:\/\/www.erlebnishof-offenstall.at\/wp-content\/uploads\/0605250027.jpg\" width=\"197\" height=\"238\" \/><\/a><\/td>\n<\/tr>\n<\/tbody>\n<\/table>\n<p>&nbsp;<\/p>\n\n\t\t<style type=\"text\/css\">\n\t\t\t#gallery-1 {\n\t\t\t\tmargin: auto;\n\t\t\t}\n\t\t\t#gallery-1 .gallery-item {\n\t\t\t\tfloat: left;\n\t\t\t\tmargin-top: 10px;\n\t\t\t\ttext-align: center;\n\t\t\t\twidth: 33%;\n\t\t\t}\n\t\t\t#gallery-1 img {\n\t\t\t\tborder: 2px solid #cfcfcf;\n\t\t\t}\n\t\t\t#gallery-1 .gallery-caption {\n\t\t\t\tmargin-left: 0;\n\t\t\t}\n\t\t\t\/* see gallery_shortcode() in wp-includes\/media.php *\/\n\t\t<\/style>\n\t\t<div id='gallery-1' class='gallery galleryid-150 gallery-columns-3 gallery-size-thumbnail'><dl class='gallery-item'>\n\t\t\t<dt class='gallery-icon landscape'>\n\t\t\t\t<a href='http:\/\/www.erlebnishof-offenstall.at\/?attachment_id=188#main'><img width=\"150\" height=\"150\" src=\"http:\/\/www.erlebnishof-offenstall.at\/wp-content\/uploads\/07-Jacky-150x150.jpg\" class=\"attachment-thumbnail size-thumbnail\" alt=\"\" loading=\"lazy\" aria-describedby=\"gallery-1-188\" \/><\/a>\n\t\t\t<\/dt>\n\t\t\t\t<dd class='wp-caption-text gallery-caption' id='gallery-1-188'>\n\t\t\t\tMeine Mama\n\t\t\t\t<\/dd><\/dl><dl class='gallery-item'>\n\t\t\t<dt class='gallery-icon landscape'>\n\t\t\t\t<a href='http:\/\/www.erlebnishof-offenstall.at\/?attachment_id=225#main'><img width=\"150\" height=\"150\" src=\"http:\/\/www.erlebnishof-offenstall.at\/wp-content\/uploads\/Redwood_Creeks_Dodge_the_Duck-150x150.jpg\" class=\"attachment-thumbnail size-thumbnail\" alt=\"\" loading=\"lazy\" aria-describedby=\"gallery-1-225\" \/><\/a>\n\t\t\t<\/dt>\n\t\t\t\t<dd class='wp-caption-text gallery-caption' id='gallery-1-225'>\n\t\t\t\tMein Papa\n\t\t\t\t<\/dd><\/dl><dl class='gallery-item'>\n\t\t\t<dt class='gallery-icon landscape'>\n\t\t\t\t<a href='http:\/\/www.erlebnishof-offenstall.at\/?attachment_id=189#main'><img width=\"150\" height=\"150\" src=\"http:\/\/www.erlebnishof-offenstall.at\/wp-content\/uploads\/DSCF0067-150x150.jpg\" class=\"attachment-thumbnail size-thumbnail\" alt=\"\" loading=\"lazy\" aria-describedby=\"gallery-1-189\" \/><\/a>\n\t\t\t<\/dt>\n\t\t\t\t<dd class='wp-caption-text gallery-caption' id='gallery-1-189'>\n\t\t\t\tdas bin ich mit einer Woche\n\t\t\t\t<\/dd><\/dl><br style=\"clear: both\" \/><dl class='gallery-item'>\n\t\t\t<dt class='gallery-icon landscape'>\n\t\t\t\t<a href='http:\/\/www.erlebnishof-offenstall.at\/?attachment_id=190#main'><img width=\"150\" height=\"150\" src=\"http:\/\/www.erlebnishof-offenstall.at\/wp-content\/uploads\/DSCF0068-150x150.jpg\" class=\"attachment-thumbnail size-thumbnail\" alt=\"\" loading=\"lazy\" aria-describedby=\"gallery-1-190\" \/><\/a>\n\t\t\t<\/dt>\n\t\t\t\t<dd class='wp-caption-text gallery-caption' id='gallery-1-190'>\n\t\t\t\tDer ganze Wurf\n\t\t\t\t<\/dd><\/dl><dl class='gallery-item'>\n\t\t\t<dt class='gallery-icon landscape'>\n\t\t\t\t<a href='http:\/\/www.erlebnishof-offenstall.at\/?attachment_id=191#main'><img width=\"150\" height=\"150\" src=\"http:\/\/www.erlebnishof-offenstall.at\/wp-content\/uploads\/PICT0487-150x150.jpg\" class=\"attachment-thumbnail size-thumbnail\" alt=\"\" loading=\"lazy\" \/><\/a>\n\t\t\t<\/dt><\/dl><dl class='gallery-item'>\n\t\t\t<dt class='gallery-icon landscape'>\n\t\t\t\t<a href='http:\/\/www.erlebnishof-offenstall.at\/?attachment_id=192#main'><img width=\"150\" height=\"150\" src=\"http:\/\/www.erlebnishof-offenstall.at\/wp-content\/uploads\/PICT0741-150x150.jpg\" class=\"attachment-thumbnail size-thumbnail\" alt=\"\" loading=\"lazy\" \/><\/a>\n\t\t\t<\/dt><\/dl><br style=\"clear: both\" \/><dl class='gallery-item'>\n\t\t\t<dt class='gallery-icon landscape'>\n\t\t\t\t<a href='http:\/\/www.erlebnishof-offenstall.at\/?attachment_id=193#main'><img width=\"150\" height=\"150\" src=\"http:\/\/www.erlebnishof-offenstall.at\/wp-content\/uploads\/PICT0743-150x150.jpg\" class=\"attachment-thumbnail size-thumbnail\" alt=\"\" loading=\"lazy\" \/><\/a>\n\t\t\t<\/dt><\/dl><dl class='gallery-item'>\n\t\t\t<dt class='gallery-icon portrait'>\n\t\t\t\t<a href='http:\/\/www.erlebnishof-offenstall.at\/?attachment_id=194#main'><img width=\"150\" height=\"150\" src=\"http:\/\/www.erlebnishof-offenstall.at\/wp-content\/uploads\/PICT0751-150x150.jpg\" class=\"attachment-thumbnail size-thumbnail\" alt=\"\" loading=\"lazy\" \/><\/a>\n\t\t\t<\/dt><\/dl><dl class='gallery-item'>\n\t\t\t<dt class='gallery-icon landscape'>\n\t\t\t\t<a href='http:\/\/www.erlebnishof-offenstall.at\/?attachment_id=195#main'><img width=\"150\" height=\"150\" src=\"http:\/\/www.erlebnishof-offenstall.at\/wp-content\/uploads\/PICT0755-150x150.jpg\" class=\"attachment-thumbnail size-thumbnail\" alt=\"\" loading=\"lazy\" \/><\/a>\n\t\t\t<\/dt><\/dl><br style=\"clear: both\" \/><dl class='gallery-item'>\n\t\t\t<dt class='gallery-icon landscape'>\n\t\t\t\t<a href='http:\/\/www.erlebnishof-offenstall.at\/?attachment_id=196#main'><img width=\"150\" height=\"150\" src=\"http:\/\/www.erlebnishof-offenstall.at\/wp-content\/uploads\/PICT0759-150x150.jpg\" class=\"attachment-thumbnail size-thumbnail\" alt=\"\" loading=\"lazy\" \/><\/a>\n\t\t\t<\/dt><\/dl><dl class='gallery-item'>\n\t\t\t<dt class='gallery-icon landscape'>\n\t\t\t\t<a href='http:\/\/www.erlebnishof-offenstall.at\/?attachment_id=197#main'><img width=\"150\" height=\"150\" src=\"http:\/\/www.erlebnishof-offenstall.at\/wp-content\/uploads\/PICT0762-150x150.jpg\" class=\"attachment-thumbnail size-thumbnail\" alt=\"\" loading=\"lazy\" \/><\/a>\n\t\t\t<\/dt><\/dl><dl class='gallery-item'>\n\t\t\t<dt class='gallery-icon landscape'>\n\t\t\t\t<a href='http:\/\/www.erlebnishof-offenstall.at\/?attachment_id=198#main'><img width=\"150\" height=\"150\" src=\"http:\/\/www.erlebnishof-offenstall.at\/wp-content\/uploads\/PICT0763-150x150.jpg\" class=\"attachment-thumbnail size-thumbnail\" alt=\"\" loading=\"lazy\" \/><\/a>\n\t\t\t<\/dt><\/dl><br style=\"clear: both\" \/><dl class='gallery-item'>\n\t\t\t<dt class='gallery-icon landscape'>\n\t\t\t\t<a href='http:\/\/www.erlebnishof-offenstall.at\/?attachment_id=199#main'><img width=\"150\" height=\"150\" src=\"http:\/\/www.erlebnishof-offenstall.at\/wp-content\/uploads\/PICT0764-150x150.jpg\" class=\"attachment-thumbnail size-thumbnail\" alt=\"\" loading=\"lazy\" \/><\/a>\n\t\t\t<\/dt><\/dl><dl class='gallery-item'>\n\t\t\t<dt class='gallery-icon portrait'>\n\t\t\t\t<a href='http:\/\/www.erlebnishof-offenstall.at\/?attachment_id=200#main'><img width=\"150\" height=\"150\" src=\"http:\/\/www.erlebnishof-offenstall.at\/wp-content\/uploads\/PICT0765-150x150.jpg\" class=\"attachment-thumbnail size-thumbnail\" alt=\"\" loading=\"lazy\" \/><\/a>\n\t\t\t<\/dt><\/dl><dl class='gallery-item'>\n\t\t\t<dt class='gallery-icon portrait'>\n\t\t\t\t<a href='http:\/\/www.erlebnishof-offenstall.at\/?attachment_id=201#main'><img width=\"150\" height=\"150\" src=\"http:\/\/www.erlebnishof-offenstall.at\/wp-content\/uploads\/PICT0768-150x150.jpg\" class=\"attachment-thumbnail size-thumbnail\" alt=\"\" loading=\"lazy\" \/><\/a>\n\t\t\t<\/dt><\/dl><br style=\"clear: both\" \/><dl class='gallery-item'>\n\t\t\t<dt class='gallery-icon landscape'>\n\t\t\t\t<a href='http:\/\/www.erlebnishof-offenstall.at\/?attachment_id=202#main'><img width=\"150\" height=\"150\" src=\"http:\/\/www.erlebnishof-offenstall.at\/wp-content\/uploads\/PICT0786-150x150.jpg\" class=\"attachment-thumbnail size-thumbnail\" alt=\"\" loading=\"lazy\" \/><\/a>\n\t\t\t<\/dt><\/dl><dl class='gallery-item'>\n\t\t\t<dt class='gallery-icon landscape'>\n\t\t\t\t<a href='http:\/\/www.erlebnishof-offenstall.at\/?attachment_id=203#main'><img width=\"150\" height=\"150\" src=\"http:\/\/www.erlebnishof-offenstall.at\/wp-content\/uploads\/PICT0805-150x150.jpg\" class=\"attachment-thumbnail size-thumbnail\" alt=\"\" loading=\"lazy\" \/><\/a>\n\t\t\t<\/dt><\/dl><dl class='gallery-item'>\n\t\t\t<dt class='gallery-icon portrait'>\n\t\t\t\t<a href='http:\/\/www.erlebnishof-offenstall.at\/?attachment_id=204#main'><img width=\"150\" height=\"150\" src=\"http:\/\/www.erlebnishof-offenstall.at\/wp-content\/uploads\/PICT0898-150x150.jpg\" class=\"attachment-thumbnail size-thumbnail\" alt=\"\" loading=\"lazy\" \/><\/a>\n\t\t\t<\/dt><\/dl><br style=\"clear: both\" \/><dl class='gallery-item'>\n\t\t\t<dt class='gallery-icon landscape'>\n\t\t\t\t<a href='http:\/\/www.erlebnishof-offenstall.at\/?attachment_id=205#main'><img width=\"150\" height=\"150\" src=\"http:\/\/www.erlebnishof-offenstall.at\/wp-content\/uploads\/PICT0901-150x150.jpg\" class=\"attachment-thumbnail size-thumbnail\" alt=\"\" loading=\"lazy\" \/><\/a>\n\t\t\t<\/dt><\/dl><dl class='gallery-item'>\n\t\t\t<dt class='gallery-icon landscape'>\n\t\t\t\t<a href='http:\/\/www.erlebnishof-offenstall.at\/?attachment_id=206#main'><img width=\"150\" height=\"150\" src=\"http:\/\/www.erlebnishof-offenstall.at\/wp-content\/uploads\/PICT0908-150x150.jpg\" class=\"attachment-thumbnail size-thumbnail\" alt=\"\" loading=\"lazy\" \/><\/a>\n\t\t\t<\/dt><\/dl><dl class='gallery-item'>\n\t\t\t<dt class='gallery-icon landscape'>\n\t\t\t\t<a href='http:\/\/www.erlebnishof-offenstall.at\/?attachment_id=207#main'><img width=\"150\" height=\"150\" src=\"http:\/\/www.erlebnishof-offenstall.at\/wp-content\/uploads\/PICT0909-150x150.jpg\" class=\"attachment-thumbnail size-thumbnail\" alt=\"\" loading=\"lazy\" \/><\/a>\n\t\t\t<\/dt><\/dl><br style=\"clear: both\" \/><dl class='gallery-item'>\n\t\t\t<dt class='gallery-icon landscape'>\n\t\t\t\t<a href='http:\/\/www.erlebnishof-offenstall.at\/?attachment_id=208#main'><img width=\"150\" height=\"150\" src=\"http:\/\/www.erlebnishof-offenstall.at\/wp-content\/uploads\/PICT0928-150x150.jpg\" class=\"attachment-thumbnail size-thumbnail\" alt=\"\" loading=\"lazy\" \/><\/a>\n\t\t\t<\/dt><\/dl><dl class='gallery-item'>\n\t\t\t<dt class='gallery-icon landscape'>\n\t\t\t\t<a href='http:\/\/www.erlebnishof-offenstall.at\/?attachment_id=209#main'><img width=\"150\" height=\"150\" src=\"http:\/\/www.erlebnishof-offenstall.at\/wp-content\/uploads\/PICT0930-150x150.jpg\" class=\"attachment-thumbnail size-thumbnail\" alt=\"\" loading=\"lazy\" \/><\/a>\n\t\t\t<\/dt><\/dl><dl class='gallery-item'>\n\t\t\t<dt class='gallery-icon landscape'>\n\t\t\t\t<a href='http:\/\/www.erlebnishof-offenstall.at\/?attachment_id=210#main'><img width=\"150\" height=\"150\" src=\"http:\/\/www.erlebnishof-offenstall.at\/wp-content\/uploads\/PICT0932-150x150.jpg\" class=\"attachment-thumbnail size-thumbnail\" alt=\"\" loading=\"lazy\" \/><\/a>\n\t\t\t<\/dt><\/dl><br style=\"clear: both\" \/><dl class='gallery-item'>\n\t\t\t<dt class='gallery-icon portrait'>\n\t\t\t\t<a href='http:\/\/www.erlebnishof-offenstall.at\/?attachment_id=211#main'><img width=\"150\" height=\"150\" src=\"http:\/\/www.erlebnishof-offenstall.at\/wp-content\/uploads\/PICT0936-150x150.jpg\" class=\"attachment-thumbnail size-thumbnail\" alt=\"\" loading=\"lazy\" \/><\/a>\n\t\t\t<\/dt><\/dl><dl class='gallery-item'>\n\t\t\t<dt class='gallery-icon landscape'>\n\t\t\t\t<a href='http:\/\/www.erlebnishof-offenstall.at\/?attachment_id=212#main'><img width=\"150\" height=\"150\" src=\"http:\/\/www.erlebnishof-offenstall.at\/wp-content\/uploads\/PICT0938-150x150.jpg\" class=\"attachment-thumbnail size-thumbnail\" alt=\"\" loading=\"lazy\" \/><\/a>\n\t\t\t<\/dt><\/dl><dl class='gallery-item'>\n\t\t\t<dt class='gallery-icon portrait'>\n\t\t\t\t<a href='http:\/\/www.erlebnishof-offenstall.at\/?attachment_id=213#main'><img width=\"150\" height=\"150\" src=\"http:\/\/www.erlebnishof-offenstall.at\/wp-content\/uploads\/PICT0954-150x150.jpg\" class=\"attachment-thumbnail size-thumbnail\" alt=\"\" loading=\"lazy\" \/><\/a>\n\t\t\t<\/dt><\/dl><br style=\"clear: both\" \/><dl class='gallery-item'>\n\t\t\t<dt class='gallery-icon landscape'>\n\t\t\t\t<a href='http:\/\/www.erlebnishof-offenstall.at\/?attachment_id=214#main'><img width=\"150\" height=\"150\" src=\"http:\/\/www.erlebnishof-offenstall.at\/wp-content\/uploads\/PICT0955-150x150.jpg\" class=\"attachment-thumbnail size-thumbnail\" alt=\"\" loading=\"lazy\" \/><\/a>\n\t\t\t<\/dt><\/dl><dl class='gallery-item'>\n\t\t\t<dt class='gallery-icon landscape'>\n\t\t\t\t<a href='http:\/\/www.erlebnishof-offenstall.at\/?attachment_id=215#main'><img width=\"150\" height=\"113\" src=\"http:\/\/www.erlebnishof-offenstall.at\/wp-content\/uploads\/PICT0972-150x113.jpg\" class=\"attachment-thumbnail size-thumbnail\" alt=\"\" loading=\"lazy\" \/><\/a>\n\t\t\t<\/dt><\/dl><dl class='gallery-item'>\n\t\t\t<dt class='gallery-icon portrait'>\n\t\t\t\t<a href='http:\/\/www.erlebnishof-offenstall.at\/?attachment_id=216#main'><img width=\"150\" height=\"150\" src=\"http:\/\/www.erlebnishof-offenstall.at\/wp-content\/uploads\/PICT0989-150x150.jpg\" class=\"attachment-thumbnail size-thumbnail\" alt=\"\" loading=\"lazy\" \/><\/a>\n\t\t\t<\/dt><\/dl><br style=\"clear: both\" \/><dl class='gallery-item'>\n\t\t\t<dt class='gallery-icon portrait'>\n\t\t\t\t<a href='http:\/\/www.erlebnishof-offenstall.at\/?attachment_id=217#main'><img width=\"146\" height=\"150\" src=\"http:\/\/www.erlebnishof-offenstall.at\/wp-content\/uploads\/PICT1002-146x150.jpg\" class=\"attachment-thumbnail size-thumbnail\" alt=\"\" loading=\"lazy\" \/><\/a>\n\t\t\t<\/dt><\/dl><dl class='gallery-item'>\n\t\t\t<dt class='gallery-icon portrait'>\n\t\t\t\t<a href='http:\/\/www.erlebnishof-offenstall.at\/?attachment_id=218#main'><img width=\"150\" height=\"150\" src=\"http:\/\/www.erlebnishof-offenstall.at\/wp-content\/uploads\/PICT1610-150x150.jpg\" class=\"attachment-thumbnail size-thumbnail\" alt=\"\" loading=\"lazy\" \/><\/a>\n\t\t\t<\/dt><\/dl><dl class='gallery-item'>\n\t\t\t<dt class='gallery-icon landscape'>\n\t\t\t\t<a href='http:\/\/www.erlebnishof-offenstall.at\/?attachment_id=219#main'><img width=\"150\" height=\"150\" src=\"http:\/\/www.erlebnishof-offenstall.at\/wp-content\/uploads\/PICT1612-150x150.jpg\" class=\"attachment-thumbnail size-thumbnail\" alt=\"\" loading=\"lazy\" \/><\/a>\n\t\t\t<\/dt><\/dl><br style=\"clear: both\" \/><dl class='gallery-item'>\n\t\t\t<dt class='gallery-icon portrait'>\n\t\t\t\t<a href='http:\/\/www.erlebnishof-offenstall.at\/?attachment_id=220#main'><img width=\"150\" height=\"150\" src=\"http:\/\/www.erlebnishof-offenstall.at\/wp-content\/uploads\/PICT1870-150x150.jpg\" class=\"attachment-thumbnail size-thumbnail\" alt=\"\" loading=\"lazy\" srcset=\"http:\/\/www.erlebnishof-offenstall.at\/wp-content\/uploads\/PICT1870-150x150.jpg 150w, http:\/\/www.erlebnishof-offenstall.at\/wp-content\/uploads\/PICT1870-263x261.jpg 263w\" sizes=\"(max-width: 150px) 100vw, 150px\" \/><\/a>\n\t\t\t<\/dt><\/dl><dl class='gallery-item'>\n\t\t\t<dt class='gallery-icon landscape'>\n\t\t\t\t<a href='http:\/\/www.erlebnishof-offenstall.at\/?attachment_id=221#main'><img width=\"150\" height=\"150\" src=\"http:\/\/www.erlebnishof-offenstall.at\/wp-content\/uploads\/PICT1875-150x150.jpg\" class=\"attachment-thumbnail size-thumbnail\" alt=\"\" loading=\"lazy\" \/><\/a>\n\t\t\t<\/dt><\/dl><dl class='gallery-item'>\n\t\t\t<dt class='gallery-icon landscape'>\n\t\t\t\t<a href='http:\/\/www.erlebnishof-offenstall.at\/?attachment_id=222#main'><img width=\"150\" height=\"150\" src=\"http:\/\/www.erlebnishof-offenstall.at\/wp-content\/uploads\/PICT1878-150x150.jpg\" class=\"attachment-thumbnail size-thumbnail\" alt=\"\" loading=\"lazy\" \/><\/a>\n\t\t\t<\/dt><\/dl><br style=\"clear: both\" \/><dl class='gallery-item'>\n\t\t\t<dt class='gallery-icon landscape'>\n\t\t\t\t<a href='http:\/\/www.erlebnishof-offenstall.at\/?attachment_id=223#main'><img width=\"150\" height=\"150\" src=\"http:\/\/www.erlebnishof-offenstall.at\/wp-content\/uploads\/PICT1887-150x150.jpg\" class=\"attachment-thumbnail size-thumbnail\" alt=\"\" loading=\"lazy\" \/><\/a>\n\t\t\t<\/dt><\/dl><dl class='gallery-item'>\n\t\t\t<dt class='gallery-icon landscape'>\n\t\t\t\t<a href='http:\/\/www.erlebnishof-offenstall.at\/?attachment_id=224#main'><img width=\"150\" height=\"150\" src=\"http:\/\/www.erlebnishof-offenstall.at\/wp-content\/uploads\/PICT1894-150x150.jpg\" class=\"attachment-thumbnail size-thumbnail\" alt=\"\" loading=\"lazy\" \/><\/a>\n\t\t\t<\/dt><\/dl>\n\t\t\t<br style='clear: both' \/>\n\t\t<\/div>\n\n<p>&nbsp;<\/p>\n<p>&nbsp;<\/p>\n<p>&nbsp;<\/p>\n","protected":false},"excerpt":{"rendered":"<p>&#8222;Dream Dance vom Wooly Lama Hof&#8220; Dreamy ist leider am 13.04.2017\u00a0 \u00fcber die Regenbogenbr\u00fccke gegangen. Mit 13 Jahren war sie bis zum Schlu\u00df sehr fit und gesund. Sie hinterl\u00e4\u00dft eine <a class=\"more-link\" href=\"http:\/\/www.erlebnishof-offenstall.at\/?page_id=150\">Weiterlesen \u2192<\/a><\/p>\n","protected":false},"author":1,"featured_media":0,"parent":76,"menu_order":0,"comment_status":"closed","ping_status":"closed","template":"","meta":[],"_links":{"self":[{"href":"http:\/\/www.erlebnishof-offenstall.at\/index.php?rest_route=\/wp\/v2\/pages\/150"}],"collection":[{"href":"http:\/\/www.erlebnishof-offenstall.at\/index.php?rest_route=\/wp\/v2\/pages"}],"about":[{"href":"http:\/\/www.erlebnishof-offenstall.at\/index.php?rest_route=\/wp\/v2\/types\/page"}],"author":[{"embeddable":true,"href":"http:\/\/www.erlebnishof-offenstall.at\/index.php?rest_route=\/wp\/v2\/users\/1"}],"replies":[{"embeddable":true,"href":"http:\/\/www.erlebnishof-offenstall.at\/index.php?rest_route=%2Fwp%2Fv2%2Fcomments&post=150"}],"version-history":[{"count":42,"href":"http:\/\/www.erlebnishof-offenstall.at\/index.php?rest_route=\/wp\/v2\/pages\/150\/revisions"}],"predecessor-version":[{"id":1817,"href":"http:\/\/www.erlebnishof-offenstall.at\/index.php?rest_route=\/wp\/v2\/pages\/150\/revisions\/1817"}],"up":[{"embeddable":true,"href":"http:\/\/www.erlebnishof-offenstall.at\/index.php?rest_route=\/wp\/v2\/pages\/76"}],"wp:attachment":[{"href":"http:\/\/www.erlebnishof-offenstall.at\/index.php?rest_route=%2Fwp%2Fv2%2Fmedia&parent=150"}],"curies":[{"name":"wp","href":"https:\/\/api.w.org\/{rel}","templated":true}]}}